{"id":15,"date":"2016-10-10T12:07:10","date_gmt":"2016-10-10T10:07:10","guid":{"rendered":"http:\/\/www.entlebucher-moser.at\/?page_id=15"},"modified":"2021-12-08T16:59:47","modified_gmt":"2021-12-08T15:59:47","slug":"rasseportrait","status":"publish","type":"page","link":"http:\/\/www.entlebucher-moser.at\/?page_id=15","title":{"rendered":"Rasseportrait"},"content":{"rendered":"<h1>Rasseportrait &#8211; Entlebucher<\/h1>\n<p><span lang=\"DE-AT\">Der Entlebucher Sennenhund ist der kleinste der vier Schweizer Sennenhunde. Er stammt aus dem Entlebuch, einem Tal im Gebiet von Luzern und Bern. Er wurde urspr\u00fcnglich als H\u00fcte-, Treib- und Wachhund gehalten.<\/span><\/p>\n<p><span lang=\"DE-AT\"><strong>Allgemeines Erscheinungsbild<\/strong><br \/>\n<\/span><span lang=\"DE-AT\">Knapp mittelgro\u00dfer, kompakt gebauter Hund von leicht gestrecktem Format, dreif\u00e4rbig wie <img loading=\"lazy\" decoding=\"async\" class=\"size-medium wp-image-385 alignright\" src=\"http:\/\/www.entlebucher-moser.at\/wp-content\/uploads\/2016\/10\/DSC01996a-copy-157x300.png\" alt=\"dsc01996a-copy\" width=\"157\" height=\"300\" srcset=\"http:\/\/www.entlebucher-moser.at\/wp-content\/uploads\/2016\/10\/DSC01996a-copy-157x300.png 157w, http:\/\/www.entlebucher-moser.at\/wp-content\/uploads\/2016\/10\/DSC01996a-copy-768x1469.png 768w, http:\/\/www.entlebucher-moser.at\/wp-content\/uploads\/2016\/10\/DSC01996a-copy-535x1024.png 535w, http:\/\/www.entlebucher-moser.at\/wp-content\/uploads\/2016\/10\/DSC01996a-copy-209x400.png 209w, http:\/\/www.entlebucher-moser.at\/wp-content\/uploads\/2016\/10\/DSC01996a-copy.png 1000w\" sizes=\"auto, (max-width: 157px) 100vw, 157px\" \/>alle schweizerischen Sennenhunde. Aufgeweckter, kluger und freundlicher Gesichtsausdruck. Das Deckhaar ist kurz, hart und gl\u00e4nzend, die Unterwolle dicht. Die Gr\u00f6\u00dfe bei R\u00fcden ist zw. 44 und 52 cm Widerristh\u00f6he, bei H\u00fcndinnen zw. 42 und 50 cm.<\/span><\/p>\n<p><strong><span lang=\"DE-AT\">Charakter und Verhalten<\/span><\/strong><span lang=\"DE-AT\"><br \/>\n<\/span><span lang=\"DE-AT\">Der Entlebucher Sennenhund ist ein unkomplizierter, pflegeleichter Familienhund mit angenehmen Wesen. Er ist lebhaft, temperamentvoll, selbstsicher, gegen\u00fcber Fremden leicht misstrauisch. Bei vertrauten Personen gutm\u00fctig und anh\u00e4nglich. Er ist ein unbestechlicher W\u00e4chter, freudig und sehr lernf\u00e4hig. Er mag Kinder sehr gerne, ist geduldig und liebensw\u00fcrdig.<\/span><\/p>\n<p><span lang=\"DE-AT\">Der Entlebucher Sennenhund ist ein \u201eAllrounder\u201c und passt sich seinem Rudel perfekt an. Ihm ist alles recht, vom treuen Begleiter seiner Familie beim Spazieren gehen, \u00fcber den verspielten Freund der Kinder bis hin zum leistungsorientierten Hundesport.<\/span><\/p>\n<p><span lang=\"DE-AT\">Die Erziehung des Entlebuchers ist einfach, denn er ist \u00e4u\u00dferst aufmerksam, gehorsam und lernt schnell. Au\u00dferdem liebt er Kinder und spielt leidenschaftlich gern und mit Ausdauer.<\/span><\/p>\n<h3 style=\"text-align: center;\"><strong><span lang=\"DE-AT\">Der Entlebucher ist ein bodenst\u00e4ndiger Hund,<br \/>\n<\/span><\/strong><strong><span lang=\"DE-AT\">mit dem die ganze Familie viel Freude hat.<\/p>\n<p><\/span><\/strong><\/h3>\n<h1><a href=\"http:\/\/www.swissydog.de\">Der Swissydog<\/a><\/h1>\n<p>Ein<em> <a href=\"http:\/\/www.swissydog.de\">Swissydog<\/a><\/em> entsteht durch die Verpaarung von Sennenhunde unterschiedlicher Rassen.<br \/>\n(Entlebucher, Appenzeller, Berner SH und Gro\u00dfer Schweizer)<br \/>\nDie Eigenschaften und das typische Aussehen der Sennenhunde bleiben weiter in Kreuzungsnachkommen erhalten.&nbsp;<\/p>\n<p>Swissydog haben eindeutig <strong>GESUNDHEITLICHE VORTEILE<\/strong>&nbsp;gegen\u00fcber ihren reinrassigen Vorfahren. Swissydog sind keine Mischlinge! Durch diese bewusste Anpaarung wird&nbsp;eine Verbreiterung der genetischen Basis geschaffen, welche zu einer besonderen Vitalit\u00e4t f\u00fchrt. Es ist wissenschaftlich nachgewiesen, dass diese Nachkommen weniger anf\u00e4llig gegen Krankheiten sind und sie k\u00f6nnen sich oft besser auf wechselnde Umweltbedingungen einstellen als ihre reinerbigen Eltern.&nbsp;<\/p>\n<p style=\"text-align: left;\"><strong><span lang=\"DE-AT\">Swissydog sind Schweizer Sennenhunde, in der typischen, gew\u00fcnschten &#8222;tricolor&#8220; Farbverteilung. <\/span><\/strong><span lang=\"DE-AT\">Swissydog sind einheitlich im Aussehen. Nachteilige rezessiv bedingte Eigenschaften werden zudem kaum realisiert.<\/span><strong><span lang=\"DE-AT\"><\/p>\n<p>Auszug aus: <a href=\"http:\/\/www.swissydog.de\">http:\/\/www.swissydog.de<\/a><\/span><\/strong><\/p>\n","protected":false},"excerpt":{"rendered":"<p>Rasseportrait &#8211; Entlebucher Der Entlebucher Sennenhund ist der kleinste der vier Schweizer Sennenhunde. Er stammt aus dem Entlebuch, einem Tal [&hellip;]<\/p>\n","protected":false},"author":1,"featured_media":0,"parent":0,"menu_order":0,"comment_status":"closed","ping_status":"closed","template":"","meta":{"ngg_post_thumbnail":0,"footnotes":""},"class_list":["post-15","page","type-page","status-publish","hentry"],"amp_enabled":true,"_links":{"self":[{"href":"http:\/\/www.entlebucher-moser.at\/index.php?rest_route=\/wp\/v2\/pages\/15","targetHints":{"allow":["GET"]}}],"collection":[{"href":"http:\/\/www.entlebucher-moser.at\/index.php?rest_route=\/wp\/v2\/pages"}],"about":[{"href":"http:\/\/www.entlebucher-moser.at\/index.php?rest_route=\/wp\/v2\/types\/page"}],"author":[{"embeddable":true,"href":"http:\/\/www.entlebucher-moser.at\/index.php?rest_route=\/wp\/v2\/users\/1"}],"replies":[{"embeddable":true,"href":"http:\/\/www.entlebucher-moser.at\/index.php?rest_route=%2Fwp%2Fv2%2Fcomments&post=15"}],"version-history":[{"count":9,"href":"http:\/\/www.entlebucher-moser.at\/index.php?rest_route=\/wp\/v2\/pages\/15\/revisions"}],"predecessor-version":[{"id":1219,"href":"http:\/\/www.entlebucher-moser.at\/index.php?rest_route=\/wp\/v2\/pages\/15\/revisions\/1219"}],"wp:attachment":[{"href":"http:\/\/www.entlebucher-moser.at\/index.php?rest_route=%2Fwp%2Fv2%2Fmedia&parent=15"}],"curies":[{"name":"wp","href":"https:\/\/api.w.org\/{rel}","templated":true}]}}