{"id":17,"date":"2016-10-10T12:07:29","date_gmt":"2016-10-10T10:07:29","guid":{"rendered":"http:\/\/www.entlebucher-moser.at\/?page_id=17"},"modified":"2026-01-07T16:12:39","modified_gmt":"2026-01-07T15:12:39","slug":"zucht-und-welpen","status":"publish","type":"page","link":"https:\/\/www.entlebucher-moser.at\/?page_id=17","title":{"rendered":"Zucht und Welpen"},"content":{"rendered":"<hr>\n<h2 style=\"text-align: center;\">&nbsp;<\/h2>\n<h2 style=\"text-align: left;\">Zucht und Welpen&nbsp; <img loading=\"lazy\" decoding=\"async\" class=\"alignnone wp-image-615\" src=\"http:\/\/www.entlebucher-moser.at\/wp-content\/uploads\/2016\/10\/hundepfoten-weisgr\u00fcn-300x227.png\" alt=\"hundepfoten-weisgruen\" width=\"47\" height=\"36\">&nbsp;&nbsp;&nbsp;&nbsp;&nbsp;&nbsp;&nbsp;&nbsp;<img loading=\"lazy\" decoding=\"async\" class=\"alignnone size-medium wp-image-1179\" src=\"http:\/\/www.entlebucher-moser.at\/wp-content\/uploads\/2016\/10\/Wurffoto-f-HP-300x198.jpg\" alt=\"\" width=\"300\" height=\"198\" srcset=\"https:\/\/www.entlebucher-moser.at\/wp-content\/uploads\/2016\/10\/Wurffoto-f-HP-300x198.jpg 300w, https:\/\/www.entlebucher-moser.at\/wp-content\/uploads\/2016\/10\/Wurffoto-f-HP-768x508.jpg 768w, https:\/\/www.entlebucher-moser.at\/wp-content\/uploads\/2016\/10\/Wurffoto-f-HP-1024x677.jpg 1024w, https:\/\/www.entlebucher-moser.at\/wp-content\/uploads\/2016\/10\/Wurffoto-f-HP-605x400.jpg 605w, https:\/\/www.entlebucher-moser.at\/wp-content\/uploads\/2016\/10\/Wurffoto-f-HP.jpg 1131w\" sizes=\"auto, (max-width: 300px) 100vw, 300px\" \/><\/h2>\n<p style=\"text-align: left;\"><span lang=\"DE-AT\">Unsere H\u00fcndin lebt mit uns in der Familie, und dort werden auch die Welpen geworfen. In einer ruhigen Ecke im Welpenzimmer. Da befindet sich die Wurfkiste, die sp\u00e4ter durch einen gro\u00dfen Welpenauslauf erweitert wird. Die Familie ist immer neben den Welpen, so erlernen sie schon fr\u00fchzeitig einen normalen Familienalltag. Sobald die Welpen alt genug sind, d\u00fcrfen sie tags\u00fcber am Welpenspielplatz im Garten herumtoben.<\/span><span lang=\"DE-AT\">&nbsp;<\/span><\/p>\n<h3 style=\"text-align: center;\"><span lang=\"DE-AT\">Unser Ziel ist es,<br \/>\n<\/span><span lang=\"DE-AT\"> gesunde und wesensfeste Familien- und Begleithunde zu z\u00fcchten,<br \/>\ndie ihren sp\u00e4teren Besitzern viel Freude bereiten.<\/span><\/h3>\n<p style=\"text-align: left;\"><span lang=\"DE-AT\">Mit Beginn der f\u00fcnften Lebenswoche sind Besu<img loading=\"lazy\" decoding=\"async\" class=\"wp-image-419 size-medium alignright\" src=\"http:\/\/www.entlebucher-moser.at\/wp-content\/uploads\/2016\/10\/Welpen-e1477816549829-300x211.png\" width=\"300\" height=\"211\" srcset=\"https:\/\/www.entlebucher-moser.at\/wp-content\/uploads\/2016\/10\/Welpen-e1477816549829-300x211.png 300w, https:\/\/www.entlebucher-moser.at\/wp-content\/uploads\/2016\/10\/Welpen-e1477816549829-768x540.png 768w, https:\/\/www.entlebucher-moser.at\/wp-content\/uploads\/2016\/10\/Welpen-e1477816549829-569x400.png 569w, https:\/\/www.entlebucher-moser.at\/wp-content\/uploads\/2016\/10\/Welpen-e1477816549829.png 1000w\" sizes=\"auto, (max-width: 300px) 100vw, 300px\" \/>cher herzlich willkommen. Die Welpen werden bei uns gut sozialisiert. Sie lernen den Umgang mit Kindern, Erwachsenen sowie auch mit \u00e4lteren Menschen. Wir&nbsp; machen kleine Ausfl\u00fcge, kurze Autofahrten, und die Welpen lernen sehr viele Ger\u00e4usche bei uns kennen. Zum Bsp. Traktor, Rasenm\u00e4her, K\u00fcchenmaschine, Staubsauger,&#8230; So werden sie optimal auf ihr sp\u00e4teres Leben vorbereitet.<\/span><\/p>\n<p style=\"text-align: left;\"><span lang=\"DE-AT\">&nbsp;<\/span><\/p>\n<p style=\"text-align: left;\">&nbsp;<\/p>\n<h2 style=\"text-align: left;\"><span lang=\"DE-AT\">Welpen:<\/span><\/h2>\n<p><span lang=\"DE-AT\"><span style=\"text-decoration: underline;\">N\u00e4chster Wurf:<\/span>&nbsp; &nbsp; &nbsp; &nbsp; &nbsp; Sommer 2026 od. Winter 2026\/2027&nbsp; &nbsp; &nbsp;<img loading=\"lazy\" decoding=\"async\" class=\"\" src=\"http:\/\/www.entlebucher-moser.at\/wp-content\/uploads\/2022\/10\/DSC_0145.jpg\" alt=\"Dieses Bild hat ein leeres Alt-Attribut. Der Dateiname ist DSC_0145.jpg\" width=\"180\" height=\"123\"><span lang=\"DE-AT\"><span lang=\"DE-AT\"><span lang=\"DE-AT\"><br \/>\nngg_shortcode_0_placeholder<\/span><\/span><\/span><\/span><\/p>\n<h2>&nbsp;&nbsp;&nbsp;&nbsp;&nbsp;&nbsp;&nbsp;&nbsp;&nbsp;&nbsp;&nbsp;&nbsp;&nbsp;&nbsp;&nbsp;&nbsp;&nbsp;&nbsp; Wir genie\u00dfen die erste Zeit mit unseren Welpen immer sehr!<\/h2>\n<p><span lang=\"DE-AT\"><br \/>\n<\/span><span lang=\"DE-AT\">&nbsp;<p>Invalid Displayed Gallery<\/p><\/span><\/p>\n<p><span lang=\"DE-AT\">&nbsp;<\/span><\/p>\n","protected":false},"excerpt":{"rendered":"<p>&nbsp; Zucht und Welpen&nbsp; &nbsp;&nbsp;&nbsp;&nbsp;&nbsp;&nbsp;&nbsp;&nbsp; Unsere H\u00fcndin lebt mit uns in der Familie, und dort werden auch die Welpen geworfen. [&hellip;]<\/p>\n","protected":false},"author":1,"featured_media":0,"parent":0,"menu_order":0,"comment_status":"closed","ping_status":"closed","template":"","meta":{"ngg_post_thumbnail":0,"footnotes":""},"class_list":["post-17","page","type-page","status-publish","hentry"],"amp_enabled":true,"_links":{"self":[{"href":"https:\/\/www.entlebucher-moser.at\/index.php?rest_route=\/wp\/v2\/pages\/17","targetHints":{"allow":["GET"]}}],"collection":[{"href":"https:\/\/www.entlebucher-moser.at\/index.php?rest_route=\/wp\/v2\/pages"}],"about":[{"href":"https:\/\/www.entlebucher-moser.at\/index.php?rest_route=\/wp\/v2\/types\/page"}],"author":[{"embeddable":true,"href":"https:\/\/www.entlebucher-moser.at\/index.php?rest_route=\/wp\/v2\/users\/1"}],"replies":[{"embeddable":true,"href":"https:\/\/www.entlebucher-moser.at\/index.php?rest_route=%2Fwp%2Fv2%2Fcomments&post=17"}],"version-history":[{"count":56,"href":"https:\/\/www.entlebucher-moser.at\/index.php?rest_route=\/wp\/v2\/pages\/17\/revisions"}],"predecessor-version":[{"id":1343,"href":"https:\/\/www.entlebucher-moser.at\/index.php?rest_route=\/wp\/v2\/pages\/17\/revisions\/1343"}],"wp:attachment":[{"href":"https:\/\/www.entlebucher-moser.at\/index.php?rest_route=%2Fwp%2Fv2%2Fmedia&parent=17"}],"curies":[{"name":"wp","href":"https:\/\/api.w.org\/{rel}","templated":true}]}}